{"id":7911,"date":"2021-11-07T11:24:24","date_gmt":"2021-11-07T11:24:24","guid":{"rendered":"https:\/\/millabilla.dk\/product\/stoet-20-kr\/"},"modified":"2021-11-16T18:15:48","modified_gmt":"2021-11-16T18:15:48","slug":"support-dkk-20","status":"publish","type":"product","link":"https:\/\/millabilla.dk\/en\/product\/support-dkk-20\/","title":{"rendered":"Support: DKK 20"},"content":{"rendered":"<h2>Support: DKK 20<\/h2>\n<p>All the support means the world to me. Regardless of size. That is why I have made some fixed intervals here of DKK 10, DKK 20 and DKK 50. If you want to support more, you can add more to the basket \ud83d\ude09<\/p>\n<p>This means that I can continue with the business I have dreamed of for so long \u2764\ufe0f &#8230; and create great content that you can keep using &#8211; completely free \ud83e\udd17<\/p>\n<h3>Why all these free crochet patterns and video guides?<\/h3>\n<p>I learned to crochet when I was on sick leave. It has been a great tool for me, to get peace of mind. Peace from all the thoughts flying around. Peace from all the things I should do. Peace from the world, I just could not bear to be a part of. I know, that a lot of people find peace and calmness in crafts like crochet, because it&#8217;s just really good for the brain to concentrate on one thing at a time and get some nice things produced.<\/p>\n<p>When I was on sick leave, I thought it was so great to find free crochet patterns. Patterns, that a designer had put a lot of time and energy into, so I could keep developing myself, and get inspired and do a lot of projects. And get the noisy brain shut down.<\/p>\n<p>That&#8217;s why it&#8217;s important for me to make the free crochet patterns, because this is my way of giving back. There must be something good for everyone, and if I can contribute with a little inspiration, then I will gladly do so. I just really like it!<\/p>\n<p>If you can use my patterns and my content, you can support Milla Billa right here &#8211; then I can keep making the completely free crochet patterns and inspiring content.<\/p>\n<p class=\"p1\"><strong>Thank you so very much in advance \ud83d\ude4f\u2764\ufe0f\ud83e\udd17<\/strong><\/p>\n<p>&nbsp;<\/p>\n<h3>How long does it take to develop free crochet patterns?<\/h3>\n<p>It takes longer than you think. There are several steps in a single pattern:<\/p>\n<ul>\n<li><strong>Idea development:<\/strong> When the idea pops up, it needs to be tested. I need to figure out which crochet hook and which yarn is best to use. Sizes, colors, color composition, patterns and techniques must be tested &#8211; it may require some good hours of crocheting depending on the project.<\/li>\n<li><strong>Annotation:<\/strong> Everything is continuously annotated, so I do not forget what changes I have made.<\/li>\n<li><strong>Crochet:<\/strong> Once the pattern is in place and everything is tested, the final project must be made.<\/li>\n<li><strong>Pictures:<\/strong> Process pictures must be taken: How to do it step by step. Environmental images must also be used: Where they are styled easily, so that you can really see it finished.<\/li>\n<li><strong>Image editing:<\/strong> All images must be edited and cut in the correct formats, so I can get them on the website. Pictures for Pinterest are also made, so that you can find the patterns by searching for them there.<\/li>\n<li><strong>Video:<\/strong> Video is recorded, cut and edited if there are techniques that are easiest to explain on live images. Here I upload on youtube, and add subtitles so you can read at the same time in Danish and English.<\/li>\n<li><strong>Everything is gathered:<\/strong> Everything must be written and gathered on the website, so it makes sense for you to read.<\/li>\n<li><strong>Translation:<\/strong> I have chosen to have my website in both Danish and English, so everything must be translated when the Danish pattern is finished.<\/li>\n<li><strong>Exposure:<\/strong> When everything is done and ready, I edit photos for my newsletter and for Instagram. Then everything is ready, so you can also be notified, that it is up for grabs <strong>\u2764\ufe0f<\/strong><\/li>\n<\/ul>\n<p class=\"p1\"><strong>On the Favorite Christmas Ornament I think the hours of work is 30-40.<\/strong><\/p>\n<p class=\"p1\">\n","protected":false},"excerpt":{"rendered":"<p>I have chosen, that there should be some free crochet patterns and guides here on Milla Billa. It&#8217;s such a great hobby and I want to share my crochet patterns and video guides, so it&#8217;s easily accessible to everyone.<\/p>\n<p>If you find pleasure in my patterns and can use my content, you can support Milla Billa right here &#8211; then I can keep making great content for you.<\/p>\n<p><strong>Thank you so very much in advance \ud83d\ude4f\u2764\ufe0f\ud83e\udd17<\/strong><\/p>\n","protected":false},"featured_media":7891,"template":"","meta":[],"product_brand":[],"product_cat":[405],"product_tag":[403],"class_list":{"0":"post-7911","1":"product","2":"type-product","3":"status-publish","4":"has-post-thumbnail","6":"product_cat-support-milla-billa","7":"product_tag-support","9":"first","10":"instock","11":"downloadable","12":"virtual","13":"taxable","14":"purchasable","15":"product-type-simple"},"yoast_head":"<!-- This site is optimized with the Yoast SEO plugin v26.2 - https:\/\/yoast.com\/wordpress\/plugins\/seo\/ -->\n<title>Support: DKK 20 - Milla Billa<\/title>\n<meta name=\"description\" content=\"You can support Milla Billa here with &quot;Support: 20 DKK&quot;. That means I can continue my dream business and create free content for you \u2764\ufe0f\" \/>\n<meta name=\"robots\" content=\"index, follow, max-snippet:-1, max-image-preview:large, max-video-preview:-1\" \/>\n<link rel=\"canonical\" href=\"https:\/\/millabilla.dk\/en\/product\/support-dkk-20\/\" \/>\n<meta property=\"og:locale\" content=\"en_US\" \/>\n<meta property=\"og:type\" content=\"article\" \/>\n<meta property=\"og:title\" content=\"Support: DKK 20 - Milla Billa\" \/>\n<meta property=\"og:description\" content=\"You can support Milla Billa here with &quot;Support: 20 DKK&quot;. That means I can continue my dream business and create free content for you \u2764\ufe0f\" \/>\n<meta property=\"og:url\" content=\"https:\/\/millabilla.dk\/en\/product\/support-dkk-20\/\" \/>\n<meta property=\"og:site_name\" content=\"Milla Billa\" \/>\n<meta property=\"article:modified_time\" content=\"2021-11-16T18:15:48+00:00\" \/>\n<meta property=\"og:image\" content=\"https:\/\/millabilla.dk\/wp-content\/uploads\/2021\/11\/MillaBilla_Stoet_Arbejdspapir-01.png\" \/>\n\t<meta property=\"og:image:width\" content=\"1042\" \/>\n\t<meta property=\"og:image:height\" content=\"1042\" \/>\n\t<meta property=\"og:image:type\" content=\"image\/png\" \/>\n<meta name=\"twitter:card\" content=\"summary_large_image\" \/>\n<meta name=\"twitter:label1\" content=\"Est. reading time\" \/>\n\t<meta name=\"twitter:data1\" content=\"3 minutes\" \/>\n<script type=\"application\/ld+json\" class=\"yoast-schema-graph\">{\"@context\":\"https:\/\/schema.org\",\"@graph\":[{\"@type\":\"WebPage\",\"@id\":\"https:\/\/millabilla.dk\/en\/product\/support-dkk-20\/\",\"url\":\"https:\/\/millabilla.dk\/en\/product\/support-dkk-20\/\",\"name\":\"Support: DKK 20 - Milla Billa\",\"isPartOf\":{\"@id\":\"https:\/\/millabilla.dk\/en\/#website\"},\"primaryImageOfPage\":{\"@id\":\"https:\/\/millabilla.dk\/en\/product\/support-dkk-20\/#primaryimage\"},\"image\":{\"@id\":\"https:\/\/millabilla.dk\/en\/product\/support-dkk-20\/#primaryimage\"},\"thumbnailUrl\":\"https:\/\/millabilla.dk\/wp-content\/uploads\/2021\/11\/MillaBilla_Stoet_Arbejdspapir-01.png\",\"datePublished\":\"2021-11-07T11:24:24+00:00\",\"dateModified\":\"2021-11-16T18:15:48+00:00\",\"description\":\"You can support Milla Billa here with \\\"Support: 20 DKK\\\". That means I can continue my dream business and create free content for you \u2764\ufe0f\",\"breadcrumb\":{\"@id\":\"https:\/\/millabilla.dk\/en\/product\/support-dkk-20\/#breadcrumb\"},\"inLanguage\":\"en-US\",\"potentialAction\":[{\"@type\":\"ReadAction\",\"target\":[\"https:\/\/millabilla.dk\/en\/product\/support-dkk-20\/\"]}]},{\"@type\":\"ImageObject\",\"inLanguage\":\"en-US\",\"@id\":\"https:\/\/millabilla.dk\/en\/product\/support-dkk-20\/#primaryimage\",\"url\":\"https:\/\/millabilla.dk\/wp-content\/uploads\/2021\/11\/MillaBilla_Stoet_Arbejdspapir-01.png\",\"contentUrl\":\"https:\/\/millabilla.dk\/wp-content\/uploads\/2021\/11\/MillaBilla_Stoet_Arbejdspapir-01.png\",\"width\":1042,\"height\":1042,\"caption\":\"St\u00f8t Milla Billa, s\u00e5 jeg kan forts\u00e6tte min dr\u00f8mme-virksomhed og blive ved med at lave l\u00e6kkert indhold.\"},{\"@type\":\"BreadcrumbList\",\"@id\":\"https:\/\/millabilla.dk\/en\/product\/support-dkk-20\/#breadcrumb\",\"itemListElement\":[{\"@type\":\"ListItem\",\"position\":1,\"name\":\"Hjem\",\"item\":\"https:\/\/millabilla.dk\/en\/\"},{\"@type\":\"ListItem\",\"position\":2,\"name\":\"Shop\",\"item\":\"https:\/\/millabilla.dk\/en\/shop\/\"},{\"@type\":\"ListItem\",\"position\":3,\"name\":\"Support: DKK 20\"}]},{\"@type\":\"WebSite\",\"@id\":\"https:\/\/millabilla.dk\/en\/#website\",\"url\":\"https:\/\/millabilla.dk\/en\/\",\"name\":\"Milla Billa\",\"description\":\"Gratis h\u00e6kleopskrifter og h\u00e6kleguides\",\"publisher\":{\"@id\":\"https:\/\/millabilla.dk\/en\/#organization\"},\"potentialAction\":[{\"@type\":\"SearchAction\",\"target\":{\"@type\":\"EntryPoint\",\"urlTemplate\":\"https:\/\/millabilla.dk\/en\/?s={search_term_string}\"},\"query-input\":{\"@type\":\"PropertyValueSpecification\",\"valueRequired\":true,\"valueName\":\"search_term_string\"}}],\"inLanguage\":\"en-US\"},{\"@type\":\"Organization\",\"@id\":\"https:\/\/millabilla.dk\/en\/#organization\",\"name\":\"Milla Billa\",\"url\":\"https:\/\/millabilla.dk\/en\/\",\"logo\":{\"@type\":\"ImageObject\",\"inLanguage\":\"en-US\",\"@id\":\"https:\/\/millabilla.dk\/en\/#\/schema\/logo\/image\/\",\"url\":\"https:\/\/millabilla.dk\/wp-content\/uploads\/2021\/06\/MillaBilla_Forsiden_1600x1829px.jpg\",\"contentUrl\":\"https:\/\/millabilla.dk\/wp-content\/uploads\/2021\/06\/MillaBilla_Forsiden_1600x1829px.jpg\",\"width\":1600,\"height\":1829,\"caption\":\"Milla Billa\"},\"image\":{\"@id\":\"https:\/\/millabilla.dk\/en\/#\/schema\/logo\/image\/\"},\"sameAs\":[\"https:\/\/www.instagram.com\/millabilladk\/?hl=da\",\"https:\/\/www.pinterest.dk\/millabilladk\/\",\"https:\/\/www.youtube.com\/channel\/UCMXn6JTu4TgW7AOLHYDzqig\/\"]}]}<\/script>\n<!-- \/ Yoast SEO plugin. -->","yoast_head_json":{"title":"Support: DKK 20 - Milla Billa","description":"You can support Milla Billa here with \"Support: 20 DKK\". That means I can continue my dream business and create free content for you \u2764\ufe0f","robots":{"index":"index","follow":"follow","max-snippet":"max-snippet:-1","max-image-preview":"max-image-preview:large","max-video-preview":"max-video-preview:-1"},"canonical":"https:\/\/millabilla.dk\/en\/product\/support-dkk-20\/","og_locale":"en_US","og_type":"article","og_title":"Support: DKK 20 - Milla Billa","og_description":"You can support Milla Billa here with \"Support: 20 DKK\". That means I can continue my dream business and create free content for you \u2764\ufe0f","og_url":"https:\/\/millabilla.dk\/en\/product\/support-dkk-20\/","og_site_name":"Milla Billa","article_modified_time":"2021-11-16T18:15:48+00:00","og_image":[{"width":1042,"height":1042,"url":"https:\/\/millabilla.dk\/wp-content\/uploads\/2021\/11\/MillaBilla_Stoet_Arbejdspapir-01.png","type":"image\/png"}],"twitter_card":"summary_large_image","twitter_misc":{"Est. reading time":"3 minutes"},"schema":{"@context":"https:\/\/schema.org","@graph":[{"@type":"WebPage","@id":"https:\/\/millabilla.dk\/en\/product\/support-dkk-20\/","url":"https:\/\/millabilla.dk\/en\/product\/support-dkk-20\/","name":"Support: DKK 20 - Milla Billa","isPartOf":{"@id":"https:\/\/millabilla.dk\/en\/#website"},"primaryImageOfPage":{"@id":"https:\/\/millabilla.dk\/en\/product\/support-dkk-20\/#primaryimage"},"image":{"@id":"https:\/\/millabilla.dk\/en\/product\/support-dkk-20\/#primaryimage"},"thumbnailUrl":"https:\/\/millabilla.dk\/wp-content\/uploads\/2021\/11\/MillaBilla_Stoet_Arbejdspapir-01.png","datePublished":"2021-11-07T11:24:24+00:00","dateModified":"2021-11-16T18:15:48+00:00","description":"You can support Milla Billa here with \"Support: 20 DKK\". That means I can continue my dream business and create free content for you \u2764\ufe0f","breadcrumb":{"@id":"https:\/\/millabilla.dk\/en\/product\/support-dkk-20\/#breadcrumb"},"inLanguage":"en-US","potentialAction":[{"@type":"ReadAction","target":["https:\/\/millabilla.dk\/en\/product\/support-dkk-20\/"]}]},{"@type":"ImageObject","inLanguage":"en-US","@id":"https:\/\/millabilla.dk\/en\/product\/support-dkk-20\/#primaryimage","url":"https:\/\/millabilla.dk\/wp-content\/uploads\/2021\/11\/MillaBilla_Stoet_Arbejdspapir-01.png","contentUrl":"https:\/\/millabilla.dk\/wp-content\/uploads\/2021\/11\/MillaBilla_Stoet_Arbejdspapir-01.png","width":1042,"height":1042,"caption":"St\u00f8t Milla Billa, s\u00e5 jeg kan forts\u00e6tte min dr\u00f8mme-virksomhed og blive ved med at lave l\u00e6kkert indhold."},{"@type":"BreadcrumbList","@id":"https:\/\/millabilla.dk\/en\/product\/support-dkk-20\/#breadcrumb","itemListElement":[{"@type":"ListItem","position":1,"name":"Hjem","item":"https:\/\/millabilla.dk\/en\/"},{"@type":"ListItem","position":2,"name":"Shop","item":"https:\/\/millabilla.dk\/en\/shop\/"},{"@type":"ListItem","position":3,"name":"Support: DKK 20"}]},{"@type":"WebSite","@id":"https:\/\/millabilla.dk\/en\/#website","url":"https:\/\/millabilla.dk\/en\/","name":"Milla Billa","description":"Gratis h\u00e6kleopskrifter og h\u00e6kleguides","publisher":{"@id":"https:\/\/millabilla.dk\/en\/#organization"},"potentialAction":[{"@type":"SearchAction","target":{"@type":"EntryPoint","urlTemplate":"https:\/\/millabilla.dk\/en\/?s={search_term_string}"},"query-input":{"@type":"PropertyValueSpecification","valueRequired":true,"valueName":"search_term_string"}}],"inLanguage":"en-US"},{"@type":"Organization","@id":"https:\/\/millabilla.dk\/en\/#organization","name":"Milla Billa","url":"https:\/\/millabilla.dk\/en\/","logo":{"@type":"ImageObject","inLanguage":"en-US","@id":"https:\/\/millabilla.dk\/en\/#\/schema\/logo\/image\/","url":"https:\/\/millabilla.dk\/wp-content\/uploads\/2021\/06\/MillaBilla_Forsiden_1600x1829px.jpg","contentUrl":"https:\/\/millabilla.dk\/wp-content\/uploads\/2021\/06\/MillaBilla_Forsiden_1600x1829px.jpg","width":1600,"height":1829,"caption":"Milla Billa"},"image":{"@id":"https:\/\/millabilla.dk\/en\/#\/schema\/logo\/image\/"},"sameAs":["https:\/\/www.instagram.com\/millabilladk\/?hl=da","https:\/\/www.pinterest.dk\/millabilladk\/","https:\/\/www.youtube.com\/channel\/UCMXn6JTu4TgW7AOLHYDzqig\/"]}]}},"_links":{"self":[{"href":"https:\/\/millabilla.dk\/en\/wp-json\/wp\/v2\/product\/7911","targetHints":{"allow":["GET"]}}],"collection":[{"href":"https:\/\/millabilla.dk\/en\/wp-json\/wp\/v2\/product"}],"about":[{"href":"https:\/\/millabilla.dk\/en\/wp-json\/wp\/v2\/types\/product"}],"wp:featuredmedia":[{"embeddable":true,"href":"https:\/\/millabilla.dk\/en\/wp-json\/wp\/v2\/media\/7891"}],"wp:attachment":[{"href":"https:\/\/millabilla.dk\/en\/wp-json\/wp\/v2\/media?parent=7911"}],"wp:term":[{"taxonomy":"product_brand","embeddable":true,"href":"https:\/\/millabilla.dk\/en\/wp-json\/wp\/v2\/product_brand?post=7911"},{"taxonomy":"product_cat","embeddable":true,"href":"https:\/\/millabilla.dk\/en\/wp-json\/wp\/v2\/product_cat?post=7911"},{"taxonomy":"product_tag","embeddable":true,"href":"https:\/\/millabilla.dk\/en\/wp-json\/wp\/v2\/product_tag?post=7911"}],"curies":[{"name":"wp","href":"https:\/\/api.w.org\/{rel}","templated":true}]}}