{"id":7052,"date":"2021-11-23T09:01:29","date_gmt":"2021-10-06T15:50:29","guid":{"rendered":"https:\/\/millabilla.dk\/product\/haekleopskrift-poullets-pude\/"},"modified":"2022-04-21T11:27:26","modified_gmt":"2022-04-21T11:27:26","slug":"crochet-pattern-poullets-pillow","status":"publish","type":"product","link":"https:\/\/millabilla.dk\/en\/product\/crochet-pattern-poullets-pillow\/","title":{"rendered":"Crochet Pattern: Poullet\u2019s Pillow"},"content":{"rendered":"<h3 class=\"p1\"><span class=\"s1\"><b>Get the KIT for the pattern here<\/b><\/span><\/h3>\n<ul>\n<li class=\"p2\"><a href=\"https:\/\/www.partner-ads.com\/dk\/c\/p\/34600\/b\/30292\/https:\/\/rito.dk\/millabilla-univers\/40360-poullets-pude-af-milla-billa-garnpakke-til-poullets-pude-str-50x50cm--.html\"><strong>Rito: KIT for Poullet&#8217;s Pillow<\/strong><\/a><\/li>\n<\/ul>\n<h3 class=\"p4\"><strong><span class=\"s1\">About this Crochet Pattern: <\/span>Poullet\u2019s Pillow<\/strong><\/h3>\n<p class=\"p1\"><span class=\"s1\">This crochet pattern: Poullet\u2019s Pillow is full of image instructions and explanatory texts, so it&#8217;s easy to go to. As a beginner, you can also easily get started with this pattern if you know the basic stitches like chains, half double crochet and slip stitches.<\/span><\/p>\n<p class=\"p3\"><span class=\"s1\">If there is any stitches you are in doubt about, don&#8217;t worry. On Milla Billa there is a lot of helpful videos. They are in Danish, but if you hit the subtitle-button in English, you can read along.<\/span><\/p>\n<p class=\"p4\"><span class=\"s2\"><a href=\"https:\/\/millabilla.dk\/en\/crochet-guides\/\"><b>You can find help for the different stitches by clicking here.<\/b><\/a><\/span><\/p>\n<h3 class=\"p1\"><span class=\"s1\"><b>For this Pattern you will need (it\u2019s not included here):<\/b><\/span><\/h3>\n<ul>\n<li class=\"p2\"><a href=\"https:\/\/www.partner-ads.com\/dk\/c\/p\/34600\/b\/30292\/https:\/\/rito.dk\/1370-infinity-hearts-baby-merino\">Infinity Hearts Baby Merino: 10 balls, where you crochet with two threads at the same time (here used color no. 03, grey).<\/a><\/li>\n<li class=\"p2\">Zipper<\/li>\n<li class=\"p2\">Sewing thread<\/li>\n<li class=\"p2\">\u201cHandmade\u201d-label in size Large<\/li>\n<\/ul>\n<h3><strong>Tools<\/strong><\/h3>\n<ul>\n<li class=\"p2\"><a href=\"https:\/\/www.partner-ads.com\/dk\/c\/p\/34600\/b\/30292\/https:\/\/rito.dk\/haeklenalesaet\/2037-infinity-hearts-rainbow-haeklenalesaet-137cm-2-6mm-9-storrelser-5713410002933.html\">3,5 mm crochet hook<\/a><\/li>\n<li class=\"p2\">Scissors<\/li>\n<li class=\"p2\">Stitch Markers<\/li>\n<li class=\"p2\">Yarn Needle<\/li>\n<li class=\"p2\">Small clips (to attach the zipper)<\/li>\n<li class=\"p3\">Sewing Needle<\/li>\n<\/ul>\n<h3><strong>A bit about the project<\/strong><\/h3>\n<ul>\n<li>Time to produce: 20 hours<\/li>\n<li>Skill level: Medium<\/li>\n<li>Size: 50 x 50 cm<\/li>\n<li>10 x 10 cm = 22 S x 22 R<\/li>\n<\/ul>\n<p><span class=\"s1\"><b><br \/>\nNOTE:<\/b> This item is a digital product \u2013 a crochet pattern you receive in your mail inbox as a PDF file. It will be available to download once payment is confirmed, and the item can therefor not be cancelled or returned.<\/span><\/p>\n<p>&nbsp;<\/p>\n<hr \/>\n<p>&nbsp;<\/p>\n<p class=\"p1\"><b><i>\u00a9 Copyright<\/i><\/b><\/p>\n<p class=\"p1\"><span class=\"s1\"><i>My patterns are for private use only. This means that you may not sell, copy (in whole or in part) or otherwise pass them on. You must also not systematically sell products made according to the patterns. You are welcome to refer to my designs and to me as a designer (link to website www.millabilla.dk or instagram @millabilladk).<\/i><\/span><\/p>\n<p class=\"p1\"><span class=\"s1\"><i>If you have questions regarding this, you can write to me at milla@millabilla.dk.<\/i><\/span><\/p>\n","protected":false},"excerpt":{"rendered":"<p><strong>Pattern in English (US-terms) and Danish<\/strong><\/p>\n<p><strong>Size:<\/strong> 50 x 50 cm<br \/>\n<strong>Hook: <\/strong>3.5 mm<strong><br \/>\nSkill level:<\/strong> Medium<\/p>\n<p class=\"p1\">Poullet has been a huge support for Milla Billa, and is always ready to talk, has a huge shoulder to cry out on and ready to celebrate, when things are great!\u00a0She has everything from second hand to expensive design. This pillow is handmade from me to her, as a thanks for her being who she is \u2764\ufe0f<\/p>\n<p class=\"p1\"><strong><a href=\"https:\/\/www.partner-ads.com\/dk\/c\/p\/34600\/b\/30292\/https:\/\/rito.dk\/millabilla-univers\/40360-poullets-pude-af-milla-billa-garnpakke-til-poullets-pude-str-50x50cm--.html\">Get the KIT for the pattern here<\/a><\/strong><\/p>\n","protected":false},"featured_media":6646,"template":"","meta":[],"product_brand":[],"product_cat":[192,196],"product_tag":[390,391],"class_list":{"0":"post-7052","1":"product","2":"type-product","3":"status-publish","4":"has-post-thumbnail","6":"product_cat-crochet-patterns","7":"product_cat-home","8":"product_tag-home","9":"product_tag-pillow","11":"first","12":"instock","13":"downloadable","14":"virtual","15":"taxable","16":"purchasable","17":"product-type-simple"},"yoast_head":"<!-- This site is optimized with the Yoast SEO plugin v26.2 - https:\/\/yoast.com\/wordpress\/plugins\/seo\/ -->\n<title>Crochet Pattern: Poullet\u2019s Pillow - Milla Billa<\/title>\n<meta name=\"description\" content=\"Crochet Pattern: Poullet\u2019s Pillow. The finest sofa cushion in the perfect size. It&#039;s a pillow you&#039;ll be so happy to come home to \u2764\ufe0f\" \/>\n<meta name=\"robots\" content=\"index, follow, max-snippet:-1, max-image-preview:large, max-video-preview:-1\" \/>\n<link rel=\"canonical\" href=\"https:\/\/millabilla.dk\/en\/product\/crochet-pattern-poullets-pillow\/\" \/>\n<meta property=\"og:locale\" content=\"en_US\" \/>\n<meta property=\"og:type\" content=\"article\" \/>\n<meta property=\"og:title\" content=\"Crochet Pattern: Poullet\u2019s Pillow - Milla Billa\" \/>\n<meta property=\"og:description\" content=\"Crochet Pattern: Poullet\u2019s Pillow. The finest sofa cushion in the perfect size. It&#039;s a pillow you&#039;ll be so happy to come home to \u2764\ufe0f\" \/>\n<meta property=\"og:url\" content=\"https:\/\/millabilla.dk\/en\/product\/crochet-pattern-poullets-pillow\/\" \/>\n<meta property=\"og:site_name\" content=\"Milla Billa\" \/>\n<meta property=\"article:modified_time\" content=\"2022-04-21T11:27:26+00:00\" \/>\n<meta property=\"og:image\" content=\"https:\/\/millabilla.dk\/wp-content\/uploads\/2021\/09\/MillaBilla_PoulletsPude_800x915px.jpg\" \/>\n\t<meta property=\"og:image:width\" content=\"800\" \/>\n\t<meta property=\"og:image:height\" content=\"915\" \/>\n\t<meta property=\"og:image:type\" content=\"image\/jpeg\" \/>\n<meta name=\"twitter:card\" content=\"summary_large_image\" \/>\n<meta name=\"twitter:label1\" content=\"Est. reading time\" \/>\n\t<meta name=\"twitter:data1\" content=\"2 minutes\" \/>\n<script type=\"application\/ld+json\" class=\"yoast-schema-graph\">{\"@context\":\"https:\/\/schema.org\",\"@graph\":[{\"@type\":\"WebPage\",\"@id\":\"https:\/\/millabilla.dk\/en\/product\/crochet-pattern-poullets-pillow\/\",\"url\":\"https:\/\/millabilla.dk\/en\/product\/crochet-pattern-poullets-pillow\/\",\"name\":\"Crochet Pattern: Poullet\u2019s Pillow - Milla Billa\",\"isPartOf\":{\"@id\":\"https:\/\/millabilla.dk\/en\/#website\"},\"primaryImageOfPage\":{\"@id\":\"https:\/\/millabilla.dk\/en\/product\/crochet-pattern-poullets-pillow\/#primaryimage\"},\"image\":{\"@id\":\"https:\/\/millabilla.dk\/en\/product\/crochet-pattern-poullets-pillow\/#primaryimage\"},\"thumbnailUrl\":\"https:\/\/millabilla.dk\/wp-content\/uploads\/2021\/09\/MillaBilla_PoulletsPude_800x915px.jpg\",\"datePublished\":\"2021-10-06T15:50:29+00:00\",\"dateModified\":\"2022-04-21T11:27:26+00:00\",\"description\":\"Crochet Pattern: Poullet\u2019s Pillow. The finest sofa cushion in the perfect size. It's a pillow you'll be so happy to come home to \u2764\ufe0f\",\"breadcrumb\":{\"@id\":\"https:\/\/millabilla.dk\/en\/product\/crochet-pattern-poullets-pillow\/#breadcrumb\"},\"inLanguage\":\"en-US\",\"potentialAction\":[{\"@type\":\"ReadAction\",\"target\":[\"https:\/\/millabilla.dk\/en\/product\/crochet-pattern-poullets-pillow\/\"]}]},{\"@type\":\"ImageObject\",\"inLanguage\":\"en-US\",\"@id\":\"https:\/\/millabilla.dk\/en\/product\/crochet-pattern-poullets-pillow\/#primaryimage\",\"url\":\"https:\/\/millabilla.dk\/wp-content\/uploads\/2021\/09\/MillaBilla_PoulletsPude_800x915px.jpg\",\"contentUrl\":\"https:\/\/millabilla.dk\/wp-content\/uploads\/2021\/09\/MillaBilla_PoulletsPude_800x915px.jpg\",\"width\":800,\"height\":915,\"caption\":\"H\u00e6kleopskrift p\u00e5 Poullet's Pude. Fuld af billede- og tekst vejledninger. Den smukkeste h\u00e6klede pude.\"},{\"@type\":\"BreadcrumbList\",\"@id\":\"https:\/\/millabilla.dk\/en\/product\/crochet-pattern-poullets-pillow\/#breadcrumb\",\"itemListElement\":[{\"@type\":\"ListItem\",\"position\":1,\"name\":\"Hjem\",\"item\":\"https:\/\/millabilla.dk\/en\/\"},{\"@type\":\"ListItem\",\"position\":2,\"name\":\"Shop\",\"item\":\"https:\/\/millabilla.dk\/en\/shop\/\"},{\"@type\":\"ListItem\",\"position\":3,\"name\":\"Crochet Pattern: Poullet\u2019s Pillow\"}]},{\"@type\":\"WebSite\",\"@id\":\"https:\/\/millabilla.dk\/en\/#website\",\"url\":\"https:\/\/millabilla.dk\/en\/\",\"name\":\"Milla Billa\",\"description\":\"Gratis h\u00e6kleopskrifter og h\u00e6kleguides\",\"publisher\":{\"@id\":\"https:\/\/millabilla.dk\/en\/#organization\"},\"potentialAction\":[{\"@type\":\"SearchAction\",\"target\":{\"@type\":\"EntryPoint\",\"urlTemplate\":\"https:\/\/millabilla.dk\/en\/?s={search_term_string}\"},\"query-input\":{\"@type\":\"PropertyValueSpecification\",\"valueRequired\":true,\"valueName\":\"search_term_string\"}}],\"inLanguage\":\"en-US\"},{\"@type\":\"Organization\",\"@id\":\"https:\/\/millabilla.dk\/en\/#organization\",\"name\":\"Milla Billa\",\"url\":\"https:\/\/millabilla.dk\/en\/\",\"logo\":{\"@type\":\"ImageObject\",\"inLanguage\":\"en-US\",\"@id\":\"https:\/\/millabilla.dk\/en\/#\/schema\/logo\/image\/\",\"url\":\"https:\/\/millabilla.dk\/wp-content\/uploads\/2021\/06\/MillaBilla_Forsiden_1600x1829px.jpg\",\"contentUrl\":\"https:\/\/millabilla.dk\/wp-content\/uploads\/2021\/06\/MillaBilla_Forsiden_1600x1829px.jpg\",\"width\":1600,\"height\":1829,\"caption\":\"Milla Billa\"},\"image\":{\"@id\":\"https:\/\/millabilla.dk\/en\/#\/schema\/logo\/image\/\"},\"sameAs\":[\"https:\/\/www.instagram.com\/millabilladk\/?hl=da\",\"https:\/\/www.pinterest.dk\/millabilladk\/\",\"https:\/\/www.youtube.com\/channel\/UCMXn6JTu4TgW7AOLHYDzqig\/\"]}]}<\/script>\n<!-- \/ Yoast SEO plugin. -->","yoast_head_json":{"title":"Crochet Pattern: Poullet\u2019s Pillow - Milla Billa","description":"Crochet Pattern: Poullet\u2019s Pillow. The finest sofa cushion in the perfect size. It's a pillow you'll be so happy to come home to \u2764\ufe0f","robots":{"index":"index","follow":"follow","max-snippet":"max-snippet:-1","max-image-preview":"max-image-preview:large","max-video-preview":"max-video-preview:-1"},"canonical":"https:\/\/millabilla.dk\/en\/product\/crochet-pattern-poullets-pillow\/","og_locale":"en_US","og_type":"article","og_title":"Crochet Pattern: Poullet\u2019s Pillow - Milla Billa","og_description":"Crochet Pattern: Poullet\u2019s Pillow. The finest sofa cushion in the perfect size. It's a pillow you'll be so happy to come home to \u2764\ufe0f","og_url":"https:\/\/millabilla.dk\/en\/product\/crochet-pattern-poullets-pillow\/","og_site_name":"Milla Billa","article_modified_time":"2022-04-21T11:27:26+00:00","og_image":[{"width":800,"height":915,"url":"https:\/\/millabilla.dk\/wp-content\/uploads\/2021\/09\/MillaBilla_PoulletsPude_800x915px.jpg","type":"image\/jpeg"}],"twitter_card":"summary_large_image","twitter_misc":{"Est. reading time":"2 minutes"},"schema":{"@context":"https:\/\/schema.org","@graph":[{"@type":"WebPage","@id":"https:\/\/millabilla.dk\/en\/product\/crochet-pattern-poullets-pillow\/","url":"https:\/\/millabilla.dk\/en\/product\/crochet-pattern-poullets-pillow\/","name":"Crochet Pattern: Poullet\u2019s Pillow - Milla Billa","isPartOf":{"@id":"https:\/\/millabilla.dk\/en\/#website"},"primaryImageOfPage":{"@id":"https:\/\/millabilla.dk\/en\/product\/crochet-pattern-poullets-pillow\/#primaryimage"},"image":{"@id":"https:\/\/millabilla.dk\/en\/product\/crochet-pattern-poullets-pillow\/#primaryimage"},"thumbnailUrl":"https:\/\/millabilla.dk\/wp-content\/uploads\/2021\/09\/MillaBilla_PoulletsPude_800x915px.jpg","datePublished":"2021-10-06T15:50:29+00:00","dateModified":"2022-04-21T11:27:26+00:00","description":"Crochet Pattern: Poullet\u2019s Pillow. The finest sofa cushion in the perfect size. It's a pillow you'll be so happy to come home to \u2764\ufe0f","breadcrumb":{"@id":"https:\/\/millabilla.dk\/en\/product\/crochet-pattern-poullets-pillow\/#breadcrumb"},"inLanguage":"en-US","potentialAction":[{"@type":"ReadAction","target":["https:\/\/millabilla.dk\/en\/product\/crochet-pattern-poullets-pillow\/"]}]},{"@type":"ImageObject","inLanguage":"en-US","@id":"https:\/\/millabilla.dk\/en\/product\/crochet-pattern-poullets-pillow\/#primaryimage","url":"https:\/\/millabilla.dk\/wp-content\/uploads\/2021\/09\/MillaBilla_PoulletsPude_800x915px.jpg","contentUrl":"https:\/\/millabilla.dk\/wp-content\/uploads\/2021\/09\/MillaBilla_PoulletsPude_800x915px.jpg","width":800,"height":915,"caption":"H\u00e6kleopskrift p\u00e5 Poullet's Pude. Fuld af billede- og tekst vejledninger. Den smukkeste h\u00e6klede pude."},{"@type":"BreadcrumbList","@id":"https:\/\/millabilla.dk\/en\/product\/crochet-pattern-poullets-pillow\/#breadcrumb","itemListElement":[{"@type":"ListItem","position":1,"name":"Hjem","item":"https:\/\/millabilla.dk\/en\/"},{"@type":"ListItem","position":2,"name":"Shop","item":"https:\/\/millabilla.dk\/en\/shop\/"},{"@type":"ListItem","position":3,"name":"Crochet Pattern: Poullet\u2019s Pillow"}]},{"@type":"WebSite","@id":"https:\/\/millabilla.dk\/en\/#website","url":"https:\/\/millabilla.dk\/en\/","name":"Milla Billa","description":"Gratis h\u00e6kleopskrifter og h\u00e6kleguides","publisher":{"@id":"https:\/\/millabilla.dk\/en\/#organization"},"potentialAction":[{"@type":"SearchAction","target":{"@type":"EntryPoint","urlTemplate":"https:\/\/millabilla.dk\/en\/?s={search_term_string}"},"query-input":{"@type":"PropertyValueSpecification","valueRequired":true,"valueName":"search_term_string"}}],"inLanguage":"en-US"},{"@type":"Organization","@id":"https:\/\/millabilla.dk\/en\/#organization","name":"Milla Billa","url":"https:\/\/millabilla.dk\/en\/","logo":{"@type":"ImageObject","inLanguage":"en-US","@id":"https:\/\/millabilla.dk\/en\/#\/schema\/logo\/image\/","url":"https:\/\/millabilla.dk\/wp-content\/uploads\/2021\/06\/MillaBilla_Forsiden_1600x1829px.jpg","contentUrl":"https:\/\/millabilla.dk\/wp-content\/uploads\/2021\/06\/MillaBilla_Forsiden_1600x1829px.jpg","width":1600,"height":1829,"caption":"Milla Billa"},"image":{"@id":"https:\/\/millabilla.dk\/en\/#\/schema\/logo\/image\/"},"sameAs":["https:\/\/www.instagram.com\/millabilladk\/?hl=da","https:\/\/www.pinterest.dk\/millabilladk\/","https:\/\/www.youtube.com\/channel\/UCMXn6JTu4TgW7AOLHYDzqig\/"]}]}},"_links":{"self":[{"href":"https:\/\/millabilla.dk\/en\/wp-json\/wp\/v2\/product\/7052","targetHints":{"allow":["GET"]}}],"collection":[{"href":"https:\/\/millabilla.dk\/en\/wp-json\/wp\/v2\/product"}],"about":[{"href":"https:\/\/millabilla.dk\/en\/wp-json\/wp\/v2\/types\/product"}],"wp:featuredmedia":[{"embeddable":true,"href":"https:\/\/millabilla.dk\/en\/wp-json\/wp\/v2\/media\/6646"}],"wp:attachment":[{"href":"https:\/\/millabilla.dk\/en\/wp-json\/wp\/v2\/media?parent=7052"}],"wp:term":[{"taxonomy":"product_brand","embeddable":true,"href":"https:\/\/millabilla.dk\/en\/wp-json\/wp\/v2\/product_brand?post=7052"},{"taxonomy":"product_cat","embeddable":true,"href":"https:\/\/millabilla.dk\/en\/wp-json\/wp\/v2\/product_cat?post=7052"},{"taxonomy":"product_tag","embeddable":true,"href":"https:\/\/millabilla.dk\/en\/wp-json\/wp\/v2\/product_tag?post=7052"}],"curies":[{"name":"wp","href":"https:\/\/api.w.org\/{rel}","templated":true}]}}